{"id":194,"date":"2025-07-31T13:37:06","date_gmt":"2025-07-31T11:37:06","guid":{"rendered":"https:\/\/greatliquids.com\/?page_id=194"},"modified":"2025-07-31T14:32:35","modified_gmt":"2025-07-31T12:32:35","slug":"blog","status":"publish","type":"page","link":"https:\/\/greatliquids.com\/en\/blog\/","title":{"rendered":"Blog"},"content":{"rendered":"<style>.kb-row-layout-id194_e2dd1f-6c > .kt-row-column-wrap{align-content:start;}:where(.kb-row-layout-id194_e2dd1f-6c > .kt-row-column-wrap) > .wp-block-kadence-column{justify-content:start;}.kb-row-layout-id194_e2dd1f-6c > .kt-row-column-wrap{column-gap:var(--global-kb-gap-md, 2rem);row-gap:var(--global-kb-gap-md, 2rem);max-width:var( --global-content-width, 1250px );padding-left:var(--global-content-edge-padding);padding-right:var(--global-content-edge-padding);padding-top:var(--global-kb-spacing-sm, 1.5rem);padding-bottom:var(--global-kb-spacing-sm, 1.5rem);grid-template-columns:minmax(0, 1fr);}.kb-row-layout-id194_e2dd1f-6c > .kt-row-layout-overlay{opacity:0.30;}@media all and (max-width: 1024px){.kb-row-layout-id194_e2dd1f-6c > .kt-row-column-wrap{grid-template-columns:minmax(0, 1fr);}}@media all and (max-width: 767px){.kb-row-layout-id194_e2dd1f-6c > .kt-row-column-wrap{grid-template-columns:minmax(0, 1fr);}}<\/style><div class=\"kb-row-layout-wrap kb-row-layout-id194_e2dd1f-6c alignnone wp-block-kadence-rowlayout\"><div class=\"kt-row-column-wrap kt-has-1-columns kt-row-layout-equal kt-tab-layout-inherit kt-mobile-layout-row kt-row-valign-top kb-theme-content-width\">\n<style>.kadence-column194_dfa1e9-93 > .kt-inside-inner-col,.kadence-column194_dfa1e9-93 > .kt-inside-inner-col:before{border-top-left-radius:0px;border-top-right-radius:0px;border-bottom-right-radius:0px;border-bottom-left-radius:0px;}.kadence-column194_dfa1e9-93 > .kt-inside-inner-col{column-gap:var(--global-kb-gap-sm, 1rem);}.kadence-column194_dfa1e9-93 > .kt-inside-inner-col{flex-direction:column;}.kadence-column194_dfa1e9-93 > .kt-inside-inner-col > .aligncenter{width:100%;}.kadence-column194_dfa1e9-93 > .kt-inside-inner-col:before{opacity:0.3;}.kadence-column194_dfa1e9-93{position:relative;}@media all and (max-width: 1024px){.kadence-column194_dfa1e9-93 > .kt-inside-inner-col{flex-direction:column;justify-content:center;}}@media all and (max-width: 767px){.kadence-column194_dfa1e9-93 > .kt-inside-inner-col{flex-direction:column;justify-content:center;}}<\/style>\n<div class=\"wp-block-kadence-column kadence-column194_dfa1e9-93\"><div class=\"kt-inside-inner-col\"><style>.wp-block-kadence-advancedheading.kt-adv-heading194_ffd0d8-22, .wp-block-kadence-advancedheading.kt-adv-heading194_ffd0d8-22[data-kb-block=\"kb-adv-heading194_ffd0d8-22\"]{font-size:var(--global-kb-font-size-xl, 3rem);font-style:normal;}.wp-block-kadence-advancedheading.kt-adv-heading194_ffd0d8-22 mark.kt-highlight, .wp-block-kadence-advancedheading.kt-adv-heading194_ffd0d8-22[data-kb-block=\"kb-adv-heading194_ffd0d8-22\"] mark.kt-highlight{font-style:normal;color:#f76a0c;-webkit-box-decoration-break:clone;box-decoration-break:clone;padding-top:0px;padding-right:0px;padding-bottom:0px;padding-left:0px;}.wp-block-kadence-advancedheading.kt-adv-heading194_ffd0d8-22 img.kb-inline-image, .wp-block-kadence-advancedheading.kt-adv-heading194_ffd0d8-22[data-kb-block=\"kb-adv-heading194_ffd0d8-22\"] img.kb-inline-image{width:150px;vertical-align:baseline;}<\/style>\n<h1 class=\"kt-adv-heading194_ffd0d8-22 wp-block-kadence-advancedheading\" data-kb-block=\"kb-adv-heading194_ffd0d8-22\">Blog<\/h1>\n<\/div><\/div>\n\n<\/div><\/div>\n\n<style>.kb-row-layout-id194_bdffb0-e7 > .kt-row-column-wrap{align-content:start;}:where(.kb-row-layout-id194_bdffb0-e7 > .kt-row-column-wrap) > .wp-block-kadence-column{justify-content:start;}.kb-row-layout-id194_bdffb0-e7 > .kt-row-column-wrap{column-gap:var(--global-kb-gap-md, 2rem);row-gap:var(--global-kb-gap-md, 2rem);max-width:var( --global-content-width, 1250px );padding-left:var(--global-content-edge-padding);padding-right:var(--global-content-edge-padding);padding-top:var(--global-kb-spacing-sm, 1.5rem);padding-bottom:var(--global-kb-spacing-sm, 1.5rem);grid-template-columns:minmax(0, 1fr);}.kb-row-layout-id194_bdffb0-e7 > .kt-row-layout-overlay{opacity:0.30;}@media all and (max-width: 1024px){.kb-row-layout-id194_bdffb0-e7 > .kt-row-column-wrap{grid-template-columns:minmax(0, 1fr);}}@media all and (max-width: 767px){.kb-row-layout-id194_bdffb0-e7 > .kt-row-column-wrap{grid-template-columns:minmax(0, 1fr);}}<\/style><div class=\"kb-row-layout-wrap kb-row-layout-id194_bdffb0-e7 alignnone wp-block-kadence-rowlayout\"><div class=\"kt-row-column-wrap kt-has-1-columns kt-row-layout-equal kt-tab-layout-inherit kt-mobile-layout-row kt-row-valign-top kb-theme-content-width\">\n<style>.kadence-column194_6117f4-6e > .kt-inside-inner-col,.kadence-column194_6117f4-6e > .kt-inside-inner-col:before{border-top-left-radius:0px;border-top-right-radius:0px;border-bottom-right-radius:0px;border-bottom-left-radius:0px;}.kadence-column194_6117f4-6e > .kt-inside-inner-col{column-gap:var(--global-kb-gap-sm, 1rem);}.kadence-column194_6117f4-6e > .kt-inside-inner-col{flex-direction:column;}.kadence-column194_6117f4-6e > .kt-inside-inner-col > .aligncenter{width:100%;}.kadence-column194_6117f4-6e > .kt-inside-inner-col:before{opacity:0.3;}.kadence-column194_6117f4-6e{position:relative;}@media all and (max-width: 1024px){.kadence-column194_6117f4-6e > .kt-inside-inner-col{flex-direction:column;justify-content:center;}}@media all and (max-width: 767px){.kadence-column194_6117f4-6e > .kt-inside-inner-col{flex-direction:column;justify-content:center;}}<\/style>\n<div class=\"wp-block-kadence-column kadence-column194_6117f4-6e\"><div class=\"kt-inside-inner-col\"><style>.kt-post-loop194_66b3f6-85 .kadence-post-image{padding-top:0px;padding-right:0px;padding-bottom:0px;padding-left:0px;}.kt-post-loop194_66b3f6-85 .kt-post-grid-wrap{gap:30px 30px;}.kt-post-loop194_66b3f6-85 .kt-blocks-post-grid-item{border-top-left-radius:0px;border-top-right-radius:0px;border-bottom-right-radius:0px;border-bottom-left-radius:0px;overflow:hidden;}.kt-post-loop194_66b3f6-85 .kt-blocks-post-grid-item .kt-blocks-post-grid-item-inner{padding-top:15px;padding-right:25px;padding-bottom:25px;padding-left:25px;}.kt-post-loop194_66b3f6-85 .kt-blocks-post-grid-item header{padding-top:0px;padding-right:0px;padding-bottom:10px;padding-left:0px;margin-top:0px;margin-right:0px;margin-bottom:0px;margin-left:0px;}.kt-post-loop194_66b3f6-85 .kt-blocks-post-grid-item .entry-title{padding-top:10px;padding-right:0px;padding-bottom:5px;padding-left:0px;margin-top:0px;margin-right:0px;margin-bottom:0px;margin-left:0px;font-size:24px;line-height:30px;}.kt-post-loop194_66b3f6-85 .kt-blocks-post-grid-item .kt-blocks-post-top-meta{color:#777777;}.kt-post-loop194_66b3f6-85 .kt-blocks-post-grid-item .kt-blocks-post-top-meta a{color:#777777;}.kt-post-loop194_66b3f6-85 .kt-blocks-post-grid-item .kt-blocks-post-top-meta a:hover{color:#444444;}.kt-post-loop194_66b3f6-85 .entry-content{padding-top:0px;padding-right:0px;padding-bottom:0px;padding-left:0px;margin-top:0px;margin-right:0px;margin-bottom:0px;margin-left:0px;}.kt-post-loop194_66b3f6-85 .kt-blocks-post-footer{color:#777777;border-top-width:0px;border-right-width:0px;border-bottom-width:0px;border-left-width:0px;padding-top:0px;padding-right:0px;padding-bottom:0px;padding-left:0px;margin-top:0px;margin-right:0px;margin-bottom:0px;margin-left:0px;font-size:12px;line-height:20px;}.kt-post-loop194_66b3f6-85 .entry-content:after{height:0px;}.kt-post-loop194_66b3f6-85 .kt-blocks-post-footer a{color:#777777;}.kt-post-loop194_66b3f6-85 .kt-blocks-post-footer a:hover{color:#444444;}.kt-post-loop194_66b3f6-85 .entry-content .kt-blocks-post-readmore{background-color:var(--global-palette2, #2B6CB0);border-color:#444444;color:#ffffff;padding-top:2px;padding-right:8px;padding-bottom:2px;padding-left:8px;margin-top:20px;margin-right:0px;margin-bottom:0px;margin-left:0px;}.kt-post-loop194_66b3f6-85 .entry-content .kt-blocks-post-readmore:hover{color:#ffffff;border-color:#555555;background-color:#555555;}.kt-post-loop194_66b3f6-85 .kb-filter-item{border-top-width:0px;border-right-width:0px;border-bottom-width:2px;border-left-width:0px;padding-top:5px;padding-right:8px;padding-bottom:5px;padding-left:8px;margin-top:0px;margin-right:10px;margin-bottom:0px;margin-left:0px;}<\/style><div class=\"wp-block-kadence-postgrid kt-blocks-post-loop-block alignnone kt-post-loop194_66b3f6-85 kt-post-grid-layout-grid \"><div class=\"kt-post-grid-layout-grid-wrap kt-post-grid-wrap\" data-columns-xxl=\"2\" data-columns-xl=\"2\" data-columns-md=\"2\" data-columns-sm=\"2\" data-columns-xs=\"1\" data-columns-ss=\"1\"data-item-selector=\".kt-post-masonry-item\" aria-label=\"Post Carousel\"><article class=\"kt-blocks-post-grid-item post-229 post type-post status-publish format-standard hentry category-uncategorized\"><div class=\"kt-blocks-post-grid-item-inner-wrap kt-feat-image-align-none kt-feat-image-mobile-align-top\"><div class=\"kt-blocks-post-grid-item-inner\"><header><h2 class=\"entry-title\"><a href=\"https:\/\/greatliquids.com\/en\/uncategorized\/le-banjo-revient-sur-ses-debuts-avec-jacken-elswyth\/\">Le banjo revient sur ses d\u00e9buts avec Jacken Elswyth<\/a><\/h2><div class=\"kt-blocks-post-top-meta\"><div class=\"kt-blocks-date\"><time datetime=\"2024-05-31T14:07:00+02:00\" class=\"kt-blocks-post-date\">31 May 2024<\/time><\/div><\/div><\/header><div class=\"entry-content\">Banjo with the sound of its own making de Jacken Elswyth Chaque jour, depuis presque 10 ans, je re\u00e7ois sur ma bo\u00eete email des alertes envoy\u00e9es par Google et programm\u00e9es pour me transmettre \u00ab&nbsp;seulement les meilleurs r\u00e9sultats&nbsp;\u00bb des contenus incluant le mot-cl\u00e9 \u00ab&nbsp;fugue&nbsp;\u00bb recens\u00e9s par le moteur de recherche. \u00c0 l\u2019\u00e9poque, j\u2019avais l\u2019id\u00e9e de cr\u00e9er&#8230;<div class=\"kt-blocks-post-readmore-wrap\"><a class=\"kt-blocks-post-readmore\" href=\"https:\/\/greatliquids.com\/en\/uncategorized\/le-banjo-revient-sur-ses-debuts-avec-jacken-elswyth\/\">+<span class=\"screen-reader-text\"> Le banjo revient sur ses d\u00e9buts avec Jacken Elswyth<\/span><\/a><\/div><\/div><footer class=\"kt-blocks-post-footer\"><div class=\"kt-blocks-post-footer-left\"><\/div><div class=\"kt-blocks-post-footer-right\"><\/div><\/footer><\/div><\/div><\/article><article class=\"kt-blocks-post-grid-item post-242 post type-post status-publish format-standard hentry category-uncategorized\"><div class=\"kt-blocks-post-grid-item-inner-wrap kt-feat-image-align-none kt-feat-image-mobile-align-top\"><div class=\"kt-blocks-post-grid-item-inner\"><header><h2 class=\"entry-title\"><a href=\"https:\/\/greatliquids.com\/en\/uncategorized\/jacques-charlier-art-in-another-way\/\">Jacques Charlier, Art In Another Way<\/a><\/h2><div class=\"kt-blocks-post-top-meta\"><div class=\"kt-blocks-date\"><time datetime=\"2024-01-31T14:17:00+01:00\" class=\"kt-blocks-post-date\">31 January 2024<\/time><\/div><\/div><\/header><div class=\"entry-content\">La derni\u00e8re gorg\u00e9e d\u2019eau ti\u00e8de R\u00e9\u00e9dit\u00e9 \u00e0 partir de cassettes enregistr\u00e9es dans les ann\u00e9es 1980 par Jacques Charlier sous le nom de \u00ab&nbsp;Chansons Tristes&nbsp;\u00bb, \u00ab&nbsp;Chansons R\u00e9gressives&nbsp;\u00bb et \u00ab&nbsp;Chansons Idiotes&nbsp;\u00bb, le double album Art In Another Way est sorti sur les labels S\u00e9ance Centre et Musique Plastique en 2022. Une des premi\u00e8res choses que j\u2019ai ressenti&#8230;<div class=\"kt-blocks-post-readmore-wrap\"><a class=\"kt-blocks-post-readmore\" href=\"https:\/\/greatliquids.com\/en\/uncategorized\/jacques-charlier-art-in-another-way\/\">+<span class=\"screen-reader-text\"> Jacques Charlier, Art In Another Way<\/span><\/a><\/div><\/div><footer class=\"kt-blocks-post-footer\"><div class=\"kt-blocks-post-footer-left\"><\/div><div class=\"kt-blocks-post-footer-right\"><\/div><\/footer><\/div><\/div><\/article><article class=\"kt-blocks-post-grid-item post-225 post type-post status-publish format-standard hentry category-uncategorized\"><div class=\"kt-blocks-post-grid-item-inner-wrap kt-feat-image-align-none kt-feat-image-mobile-align-top\"><div class=\"kt-blocks-post-grid-item-inner\"><header><h2 class=\"entry-title\"><a href=\"https:\/\/greatliquids.com\/en\/uncategorized\/225\/\">Susumu Yokota : musique d\u2019un monde flottant<\/a><\/h2><div class=\"kt-blocks-post-top-meta\"><div class=\"kt-blocks-date\"><time datetime=\"2023-06-30T14:02:00+02:00\" class=\"kt-blocks-post-date\">30 June 2023<\/time><\/div><\/div><\/header><div class=\"entry-content\">Ma rencontre avec Susumu Yokota s\u2019est pass\u00e9e durant un des premiers confinement, devant The Undoing, une s\u00e9rie polici\u00e8re sur fond d\u2019ambiance domino-schizo. Le covid m\u2019avait forc\u00e9 \u00e0 cette immobilit\u00e9 du moins c\u2019est l\u2019excuse que je me trouvais pour regarder cette \u00e9ni\u00e8me histoire sur un Upper East Side poli, pourrissant \u00e0 coeur, jusqu\u2019\u00e0 ce que l\u2019\u00e9pisode&#8230;<div class=\"kt-blocks-post-readmore-wrap\"><a class=\"kt-blocks-post-readmore\" href=\"https:\/\/greatliquids.com\/en\/uncategorized\/225\/\">+<span class=\"screen-reader-text\"> Susumu Yokota : musique d\u2019un monde flottant<\/span><\/a><\/div><\/div><footer class=\"kt-blocks-post-footer\"><div class=\"kt-blocks-post-footer-left\"><\/div><div class=\"kt-blocks-post-footer-right\"><\/div><\/footer><\/div><\/div><\/article><\/div><\/div><!-- .wp-block-kadence-postgrid --><\/div><\/div>\n\n<\/div><\/div>","protected":false},"excerpt":{"rendered":"<p>Blog<\/p>","protected":false},"author":2,"featured_media":0,"parent":0,"menu_order":0,"comment_status":"closed","ping_status":"closed","template":"","meta":{"_acf_changed":false,"_kad_blocks_custom_css":"","_kad_blocks_head_custom_js":"","_kad_blocks_body_custom_js":"","_kad_blocks_footer_custom_js":"","_kad_post_transparent":"","_kad_post_title":"default","_kad_post_layout":"","_kad_post_sidebar_id":"","_kad_post_content_style":"","_kad_post_vertical_padding":"","_kad_post_feature":"","_kad_post_feature_position":"","_kad_post_header":false,"_kad_post_footer":false,"_kad_post_classname":"","footnotes":""},"class_list":["post-194","page","type-page","status-publish","hentry"],"acf":[],"taxonomy_info":[],"featured_image_src_large":false,"author_info":{"display_name":"manon","author_link":"https:\/\/greatliquids.com\/en\/author\/manon\/"},"comment_info":"","_links":{"self":[{"href":"https:\/\/greatliquids.com\/en\/wp-json\/wp\/v2\/pages\/194","targetHints":{"allow":["GET"]}}],"collection":[{"href":"https:\/\/greatliquids.com\/en\/wp-json\/wp\/v2\/pages"}],"about":[{"href":"https:\/\/greatliquids.com\/en\/wp-json\/wp\/v2\/types\/page"}],"author":[{"embeddable":true,"href":"https:\/\/greatliquids.com\/en\/wp-json\/wp\/v2\/users\/2"}],"replies":[{"embeddable":true,"href":"https:\/\/greatliquids.com\/en\/wp-json\/wp\/v2\/comments?post=194"}],"version-history":[{"count":0,"href":"https:\/\/greatliquids.com\/en\/wp-json\/wp\/v2\/pages\/194\/revisions"}],"wp:attachment":[{"href":"https:\/\/greatliquids.com\/en\/wp-json\/wp\/v2\/media?parent=194"}],"curies":[{"name":"wp","href":"https:\/\/api.w.org\/{rel}","templated":true}]}}